{"id":7938,"date":"2018-02-20T15:59:50","date_gmt":"2018-02-20T13:59:50","guid":{"rendered":"https:\/\/www.nove.ee\/kontakt\/"},"modified":"2026-02-06T10:40:54","modified_gmt":"2026-02-06T08:40:54","slug":"kontakt","status":"publish","type":"page","link":"https:\/\/www.nove.ee\/en\/kontakt\/","title":{"rendered":"Contact"},"content":{"rendered":"\n<div class=\"wp-block-columns has-2-columns is-layout-flex wp-container-core-columns-is-layout-9d6595d7 wp-block-columns-is-layout-flex\">\n<div class=\"wp-block-column is-layout-flow wp-block-column-is-layout-flow\">\n<p>Advokaadib\u00fcroo NOVE O\u00dc<br><\/p>\n\n\n\n<p>Kentmanni 4<br>10116 Tallinn<br>Estonia<br><\/p>\n\n\n\n<p>Visiting hours Mo&nbsp;\u2013 Fr : 10.00&nbsp;\u2013 17.00<br><br><\/p>\n\n\n\n<p>Phone: &nbsp; <a href=\"tel:+372 610 8010\">+372 610 8010<\/a><br>E-mail: &nbsp; <a href=\"mailto:nove@nove.ee\">nove@nove.ee<\/a><br><br><\/p>\n\n\n\n<div style=\"height:104px\" aria-hidden=\"true\" class=\"wp-block-spacer\"><\/div>\n<\/div>\n<\/div>\n","protected":false},"excerpt":{"rendered":"<p>Advokaadib\u00fcroo NOVE O\u00dc Kentmanni 410116 TallinnEstonia Visiting hours Mo&nbsp;\u2013 Fr : 10.00&nbsp;\u2013 17.00 Phone: &nbsp; +372 610 8010E-mail: &nbsp; nove@nove.ee<\/p>\n","protected":false},"author":1,"featured_media":0,"parent":0,"menu_order":0,"comment_status":"closed","ping_status":"closed","template":"","meta":{"_acf_changed":false,"footnotes":"","_links_to":"","_links_to_target":""},"class_list":["post-7938","page","type-page","status-publish","hentry"],"acf":[],"yoast_head":"<!-- This site is optimized with the Yoast SEO plugin v27.2 - https:\/\/yoast.com\/product\/yoast-seo-wordpress\/ -->\n<title>Contact - Nove Advokaadib\u00fcroo<\/title>\n<meta name=\"robots\" content=\"index, follow, max-snippet:-1, max-image-preview:large, max-video-preview:-1\" \/>\n<link rel=\"canonical\" href=\"https:\/\/www.nove.ee\/en\/kontakt\/\" \/>\n<meta property=\"og:locale\" content=\"en_US\" \/>\n<meta property=\"og:type\" content=\"article\" \/>\n<meta property=\"og:title\" content=\"Contact - Nove Advokaadib\u00fcroo\" \/>\n<meta property=\"og:description\" content=\"Advokaadib\u00fcroo NOVE O\u00dc Kentmanni 410116 TallinnEstonia Visiting hours Mo&nbsp;\u2013 Fr : 10.00&nbsp;\u2013 17.00 Phone: &nbsp; +372 610 8010E-mail: &nbsp; nove@nove.ee\" \/>\n<meta property=\"og:url\" content=\"https:\/\/www.nove.ee\/en\/kontakt\/\" \/>\n<meta property=\"og:site_name\" content=\"Nove Advokaadib\u00fcroo\" \/>\n<meta property=\"article:modified_time\" content=\"2026-02-06T08:40:54+00:00\" \/>\n<meta name=\"twitter:card\" content=\"summary_large_image\" \/>\n<meta name=\"twitter:label1\" content=\"Est. reading time\" \/>\n\t<meta name=\"twitter:data1\" content=\"1 minute\" \/>\n<script type=\"application\/ld+json\" class=\"yoast-schema-graph\">{\"@context\":\"https:\/\/schema.org\",\"@graph\":[{\"@type\":\"WebPage\",\"@id\":\"https:\/\/www.nove.ee\/en\/kontakt\/\",\"url\":\"https:\/\/www.nove.ee\/en\/kontakt\/\",\"name\":\"Contact - Nove Advokaadib\u00fcroo\",\"isPartOf\":{\"@id\":\"https:\/\/www.nove.ee\/#website\"},\"datePublished\":\"2018-02-20T13:59:50+00:00\",\"dateModified\":\"2026-02-06T08:40:54+00:00\",\"breadcrumb\":{\"@id\":\"https:\/\/www.nove.ee\/en\/kontakt\/#breadcrumb\"},\"inLanguage\":\"en-US\",\"potentialAction\":[{\"@type\":\"ReadAction\",\"target\":[\"https:\/\/www.nove.ee\/en\/kontakt\/\"]}]},{\"@type\":\"BreadcrumbList\",\"@id\":\"https:\/\/www.nove.ee\/en\/kontakt\/#breadcrumb\",\"itemListElement\":[{\"@type\":\"ListItem\",\"position\":1,\"name\":\"Home\",\"item\":\"https:\/\/www.nove.ee\/en\/\"},{\"@type\":\"ListItem\",\"position\":2,\"name\":\"Contact\"}]},{\"@type\":\"WebSite\",\"@id\":\"https:\/\/www.nove.ee\/#website\",\"url\":\"https:\/\/www.nove.ee\/\",\"name\":\"Nove Advokaadib\u00fcroo\",\"description\":\"\",\"publisher\":{\"@id\":\"https:\/\/www.nove.ee\/#organization\"},\"potentialAction\":[{\"@type\":\"SearchAction\",\"target\":{\"@type\":\"EntryPoint\",\"urlTemplate\":\"https:\/\/www.nove.ee\/?s={search_term_string}\"},\"query-input\":{\"@type\":\"PropertyValueSpecification\",\"valueRequired\":true,\"valueName\":\"search_term_string\"}}],\"inLanguage\":\"en-US\"},{\"@type\":\"Organization\",\"@id\":\"https:\/\/www.nove.ee\/#organization\",\"name\":\"Nove Advokaadib\u00fcroo\",\"url\":\"https:\/\/www.nove.ee\/\",\"logo\":{\"@type\":\"ImageObject\",\"inLanguage\":\"en-US\",\"@id\":\"https:\/\/www.nove.ee\/#\/schema\/logo\/image\/\",\"url\":\"https:\/\/www.nove.ee\/wp-content\/uploads\/2025\/10\/nove-eng.svg\",\"contentUrl\":\"https:\/\/www.nove.ee\/wp-content\/uploads\/2025\/10\/nove-eng.svg\",\"width\":374,\"height\":154,\"caption\":\"Nove Advokaadib\u00fcroo\"},\"image\":{\"@id\":\"https:\/\/www.nove.ee\/#\/schema\/logo\/image\/\"}}]}<\/script>\n<!-- \/ Yoast SEO plugin. -->","yoast_head_json":{"title":"Contact - Nove Advokaadib\u00fcroo","robots":{"index":"index","follow":"follow","max-snippet":"max-snippet:-1","max-image-preview":"max-image-preview:large","max-video-preview":"max-video-preview:-1"},"canonical":"https:\/\/www.nove.ee\/en\/kontakt\/","og_locale":"en_US","og_type":"article","og_title":"Contact - Nove Advokaadib\u00fcroo","og_description":"Advokaadib\u00fcroo NOVE O\u00dc Kentmanni 410116 TallinnEstonia Visiting hours Mo&nbsp;\u2013 Fr : 10.00&nbsp;\u2013 17.00 Phone: &nbsp; +372 610 8010E-mail: &nbsp; nove@nove.ee","og_url":"https:\/\/www.nove.ee\/en\/kontakt\/","og_site_name":"Nove Advokaadib\u00fcroo","article_modified_time":"2026-02-06T08:40:54+00:00","twitter_card":"summary_large_image","twitter_misc":{"Est. reading time":"1 minute"},"schema":{"@context":"https:\/\/schema.org","@graph":[{"@type":"WebPage","@id":"https:\/\/www.nove.ee\/en\/kontakt\/","url":"https:\/\/www.nove.ee\/en\/kontakt\/","name":"Contact - Nove Advokaadib\u00fcroo","isPartOf":{"@id":"https:\/\/www.nove.ee\/#website"},"datePublished":"2018-02-20T13:59:50+00:00","dateModified":"2026-02-06T08:40:54+00:00","breadcrumb":{"@id":"https:\/\/www.nove.ee\/en\/kontakt\/#breadcrumb"},"inLanguage":"en-US","potentialAction":[{"@type":"ReadAction","target":["https:\/\/www.nove.ee\/en\/kontakt\/"]}]},{"@type":"BreadcrumbList","@id":"https:\/\/www.nove.ee\/en\/kontakt\/#breadcrumb","itemListElement":[{"@type":"ListItem","position":1,"name":"Home","item":"https:\/\/www.nove.ee\/en\/"},{"@type":"ListItem","position":2,"name":"Contact"}]},{"@type":"WebSite","@id":"https:\/\/www.nove.ee\/#website","url":"https:\/\/www.nove.ee\/","name":"Nove Advokaadib\u00fcroo","description":"","publisher":{"@id":"https:\/\/www.nove.ee\/#organization"},"potentialAction":[{"@type":"SearchAction","target":{"@type":"EntryPoint","urlTemplate":"https:\/\/www.nove.ee\/?s={search_term_string}"},"query-input":{"@type":"PropertyValueSpecification","valueRequired":true,"valueName":"search_term_string"}}],"inLanguage":"en-US"},{"@type":"Organization","@id":"https:\/\/www.nove.ee\/#organization","name":"Nove Advokaadib\u00fcroo","url":"https:\/\/www.nove.ee\/","logo":{"@type":"ImageObject","inLanguage":"en-US","@id":"https:\/\/www.nove.ee\/#\/schema\/logo\/image\/","url":"https:\/\/www.nove.ee\/wp-content\/uploads\/2025\/10\/nove-eng.svg","contentUrl":"https:\/\/www.nove.ee\/wp-content\/uploads\/2025\/10\/nove-eng.svg","width":374,"height":154,"caption":"Nove Advokaadib\u00fcroo"},"image":{"@id":"https:\/\/www.nove.ee\/#\/schema\/logo\/image\/"}}]}},"_links":{"self":[{"href":"https:\/\/www.nove.ee\/en\/wp-json\/wp\/v2\/pages\/7938","targetHints":{"allow":["GET"]}}],"collection":[{"href":"https:\/\/www.nove.ee\/en\/wp-json\/wp\/v2\/pages"}],"about":[{"href":"https:\/\/www.nove.ee\/en\/wp-json\/wp\/v2\/types\/page"}],"author":[{"embeddable":true,"href":"https:\/\/www.nove.ee\/en\/wp-json\/wp\/v2\/users\/1"}],"replies":[{"embeddable":true,"href":"https:\/\/www.nove.ee\/en\/wp-json\/wp\/v2\/comments?post=7938"}],"version-history":[{"count":12,"href":"https:\/\/www.nove.ee\/en\/wp-json\/wp\/v2\/pages\/7938\/revisions"}],"predecessor-version":[{"id":12881,"href":"https:\/\/www.nove.ee\/en\/wp-json\/wp\/v2\/pages\/7938\/revisions\/12881"}],"wp:attachment":[{"href":"https:\/\/www.nove.ee\/en\/wp-json\/wp\/v2\/media?parent=7938"}],"curies":[{"name":"wp","href":"https:\/\/api.w.org\/{rel}","templated":true}]}}