{"id":7421,"date":"2019-02-20T10:49:57","date_gmt":"2019-02-20T08:49:57","guid":{"rendered":"https:\/\/www.nove.ee\/?page_id=7421"},"modified":"2025-06-02T13:39:24","modified_gmt":"2025-06-02T10:39:24","slug":"public-procurement","status":"publish","type":"page","link":"https:\/\/www.nove.ee\/en\/public-procurement\/","title":{"rendered":"Public Procurement"},"content":{"rendered":"\n<p>For many, public procurement associates with complex and seemingly impractical rules which often hinder rather than favour the conclusion of an economically advantageous contract. To not get lost in this maze and instead, make the rules work in one\u2019s favour, it is wise to consult the best in the business. NOVE\u2019s public procurement team is an elite player in the Estonian legal services market. The team is led by Mart Parind, a former member of the Public Procurement Review Committee and one of Estonia&#8217;s most renowned public procurement lawyers. The team also includes litigation expert Veikko Puolakainen with more than 20 years of experience. Our experience from hundreds of procurement disputes helps us prevent problems in procurement proceedings and help our clients succeed in legal disputes.<\/p>\n\n\n\n<p><strong>In relation to public procurement we provide assistance to our clients in the following areas:<\/strong><\/p>\n\n\n\n<ul class=\"wp-block-list\">\n<li>Representing and assisting tenderers in procurement procedures<\/li>\n\n\n\n<li>Preparation of tender documents and consultation<\/li>\n\n\n\n<li>Advising and assisting contracting entities in preparation of procurement documents and conduct of procurement procedure&nbsp;<\/li>\n\n\n\n<li>Contesting procurement documentation and decisions both in the Public Procurement Review Committee and in court<\/li>\n\n\n\n<li>Counseling in relation to the execution, amendment and disputes arising from the procurement contract<\/li>\n\n\n\n<li>Advising and representation in financial correction disputes<\/li>\n<\/ul>\n\n\n\n<p><strong><br>Public procurement team:<\/strong><\/p>\n\n\n\n<p><a href=\"https:\/\/www.nove.ee\/en\/team\/mart-parind\/\">Mart Parind<\/a>\u00a0(team leader and contact person)<br><a href=\"https:\/\/www.nove.ee\/en\/team\/veikko-puolakainen\/\">Veikko Puolakainen<\/a><br><a href=\"https:\/\/www.nove.ee\/en\/team\/kaisa-poller\/\">Kaisa Poller<\/a><\/p>\n\n\n\n<p><strong>Our portfolio includes:<\/strong><\/p>\n\n\n\n<ul class=\"wp-block-list\">\n<li>Successful representation of Saaremaa rural municipality in the Public Procurement Review Committee, Tallinn Administrative Court and Tallinn Circuit Court of Appeal in connection with the public procurement &#8220;Reconstruction of Hariduse 13 Kuressaare school building&#8221; (2021)<\/li>\n\n\n\n<li>Representation of AS L\u00e4\u00e4ne-Tallinna Keskhaigla (West Tallinn Central Hospital) in a dispute related to the procurement of catering services (2021)<\/li>\n\n\n\n<li>Successful representation of AS L\u00e4\u00e4ne-Tallinna Keskhaigla (West Tallinn Central Hospital) in the Public Procurement Review Committee in a dispute with Elisa Eesti AS related to the procurement of communication services (2021)<\/li>\n\n\n\n<li>Representation of Industry62 O\u00dc in the review and supervision proceedings in connection with the public procurement of the analysis, programming and maintenance services for the Transport Administration&#8217;s information systems (2021)<\/li>\n\n\n\n<li>Representation of Bytelife Solutions O\u00dc in the review procedure in connection with the public procurement of the comprehensive solution for the Hyper-Converged Infrastructure of Eesti Energia (2021)<\/li>\n\n\n\n<li>Representation of Bytelife Solutions O\u00dc, CybExer Technologies O\u00dc and Vector Synergy Sp. z o.o. in the review procedure and in judicial proceedings in connection with the public procurement of the NATO Cyber Range WP2 Automation Management System of the Ministry of Defence (2019\u20132020)<\/li>\n\n\n\n<li>Successful representation of Merko Ehitus Eesti AS and GRK Infra AS in the public procurement dispute \u201cDesign of the infrastructure of the land part of the south-eastern border of the Republic of Estonia and commissioning of construction works\u201d (2020)  <\/li>\n\n\n\n<li>Representation of Bussitanklad O\u00dc (a company belonging to the Eesti Gaas AS group) in a dispute with Tallinna Linnatranspordi AS (compressed gas procurement) (2019\u20132020)<\/li>\n\n\n\n<li>Representation of Tallinna Lennujaam AS in a public procurement dispute with a tenderer (procurement of cleaning services)<\/li>\n\n\n\n<li>Successful representation of SEBE AS in a public procurement dispute related to the procurement of \u201cOrganization of Public Bus Transportation on Harju County East 2 Direction Bus Lines\u201d organized by MT\u00dc Harjumaa \u00dchistanspordikeskus, where the contracting authority eliminated O\u00dc ATKO Liinid due to previous significant and persistent breaches of contract. The dispute was taken through both the Public Procurement Review Committee  and all court instances (2019)<\/li>\n\n\n\n<li>Successful representation of the leading Estonian bus company SEBE AS in the public procurement dispute concerning the public bus line procurement of P\u00e4rnu County, organized by P\u00e4rnumaa \u00dchistranspordikeskus, with a value of more than 22 million euros. The dispute went through Procurement Complaints Board and all court levels (2019)<\/li>\n\n\n\n<li>Successful representation of the US arms manufacturer Lewis Machine &amp; Tool Company (LMT) in the Public Procurement Complaints Board and Administrative Court Proceedings in connection with the procurement by the State Defense Investment Center for the Defense Forces to purchase new 5.56 mm and 7.62 mm handguns. It is one of the largest public arms procurement projects in Estonia ever (up to a total of EUR 75 million in the framework contract), which, in addition to purchasing weapons, includes accessories, spare parts and maintenance services over a life cycle of at least 20 years (2019)<\/li>\n\n\n\n<li>Successful representation of SEBE AS in the public procurement litigation case related to the procurement organised by MT\u00dc Harjumaa \u00dchistranspordikeskus:&nbsp;<em>Organisation of Public Regular Carriage of Passengers by Bus on Northbound Bus Routes of Harju County<\/em>&nbsp;regarding a public regular service contract of Harju County with the value of more than 21 million euros. The dispute was taken through the Public Procurement Review Committee and all court instances (2018)<\/li>\n\n\n\n<li>Representation of AS Merko Ehitus Eesti and KMG Inseneriehitus AS in the public procurement litigation case (public procurement of the Ministry of the Environment&nbsp;<em>Design and Construction Work for Recovery of Hazardous Site at Purtse River, Kohtla River and Phenol Swamp&nbsp;<\/em>(reference number 172886), with the monetary value of approximately 18 MEUR). The dispute was taken through all court instances (except the Supreme Court) (2017)<\/li>\n\n\n\n<li>Advising Danpower Eesti AS in several different public procurement procedures (including preparation of procurement documents, and drafting of decisions taken in the procurement procedure, advising on submission of tenders and assisting in the review procedure)<\/li>\n\n\n\n<li>Public procurement for the services of Haljala Municipality Government:&nbsp;<em>Preparation of Preliminary Building Design Documentation and Work Project for the Architectural Part of the Building Design Documentation and Conduct of Author Supervision for Haljala School Building&nbsp;<\/em>(reference number 194492). Preparation of the procurement documents and procurement contract. The value of the contract was 186 000 euros (2017)<\/li>\n\n\n\n<li>Advising SA Vaba Lava in the conduct of the public procurement&nbsp;<em>Acquisition of Lighting Equipment for the Theatre Centre Vaba Lava Narva<\/em>and public procurement&nbsp;<em>Acquisition of the Stand for the Theatre Centre Vaba Lava Narva<\/em>&nbsp;(2018)<\/li>\n\n\n\n<li>Representing the winner of the procurement for the construction and design of the public procurement of Elering AS construction work of Balticconnector gas pipeline,&nbsp;<em>Design and Construction of Gas Pipeline Kiili \u2013 Paldiski DN700 MOP 54&nbsp;<\/em>(consortium EG Ehitus AS et&nbsp;<em>al<\/em>) in contract negotiations, analysis of the draft public contract and proposing modifications (reference number 191431) (2018)<\/li>\n\n\n\n<li>Representing the contesting party AS Dieta in litigation related to the procurement for the kitchen equipment of the Estonian National Museum organised by Riigi Kinnisvara AS. The monetary value of the dispute was approximately 500&nbsp;000 euros (2016)<\/li>\n\n\n\n<li>Representing the subsidiary of SEBE AS in the public procurement litigation case:&nbsp;<em>Ordering of Public Regular Carriage of Passengers by Bus in the City of Tartu for the Period 01.07.2017 \u2013 30.06.2027<\/em>&nbsp;(with the monetary value of approximately 64 MEUR) (2016)<\/li>\n\n\n\n<li>Representing SEBE AS \/ Eesti Buss O\u00dc (Mootor Grupp AS companies) parallelly in three public procurement litigation cases concerning&nbsp;<em>Ordering of Public Regular Carriage of Passengers by Bus in the City of Tartu for the Period 01.07.2019 \u2013 30.06.2029<\/em>&nbsp;(2017\u20132018, with the monetary value of approximately 64 MEUR, the disputes were taken through all court instances, except the Supreme Court)<\/li>\n\n\n\n<li>Representing Selfdiagnostics O\u00dc as a tenderer in the public procurement litigation case (public procurement of the National Institute for Health Development,&nbsp;<em>Purchase of Medical Devices: Condoms for Men (Including Extra Strong Condoms and Lubricants), Syringes, Needles and Disinfection Pads<\/em>,&nbsp;<em>Urine Tests and Solution for Infusion&nbsp;<\/em>(reference number 193025), with the value of approximately 200 000 euros (2018)<\/li>\n\n\n\n<li>Representing and advising the Estonian Internet Foundation in litigation related to the purchase of software development service and in respective public procurement supervisory proceedings (2016\u20132018)<\/li>\n<\/ul>\n\n\n\n<p><strong>Recognition<\/strong>:<\/p>\n\n\n\n<p><strong>Legal 500 in EU and competition practice area:<\/strong><\/p>\n\n\n\n<ul class=\"wp-block-list\">\n<li><em>&#8220;Really customer-oriented attitude. Professional, polite and at the same time friendly.&#8221; 2025<\/em><\/li>\n<\/ul>\n\n\n\n<table style=\"width: 22.7862%; border-collapse: collapse; height: 99px;\" cellspacing=\"5\" cellpadding=\"5\">\n<tbody>\n<tr style=\"height: 99px;\">\n<td style=\"width: 50%; height: 99px;\"><img loading=\"lazy\" decoding=\"async\" class=\"alignnone wp-image-11268\" src=\"https:\/\/www.nove.ee\/wp-content\/uploads\/2024\/04\/emea_leading_firm_2024.jpg\" alt=\"\" width=\"86\" height=\"95\"><\/td>\n<td style=\"width: 50%; height: 99px;\"><img loading=\"lazy\" decoding=\"async\" class=\"alignnone wp-image-11959\" src=\"https:\/\/www.nove.ee\/wp-content\/uploads\/2025\/04\/EMEA_Leading_firm_2025-272x300-1.webp\" alt=\"\" width=\"86\" height=\"95\"><\/td>\n<\/tr>\n<\/tbody>\n<\/table>\n","protected":false},"excerpt":{"rendered":"<p>For many, public procurement associates with complex and seemingly impractical rules which often hinder rather than favour the conclusion of an economically advantageous contract. To not get lost in this maze and instead, make the&#8230;<\/p>\n","protected":false},"author":1,"featured_media":0,"parent":0,"menu_order":0,"comment_status":"closed","ping_status":"closed","template":"page-sidemenu.php","meta":{"_acf_changed":false,"footnotes":"","_links_to":"","_links_to_target":""},"class_list":["post-7421","page","type-page","status-publish","hentry"],"acf":[],"yoast_head":"<!-- This site is optimized with the Yoast SEO plugin v27.2 - https:\/\/yoast.com\/product\/yoast-seo-wordpress\/ -->\n<title>Public Procurement - Nove Advokaadib\u00fcroo<\/title>\n<meta name=\"robots\" content=\"index, follow, max-snippet:-1, max-image-preview:large, max-video-preview:-1\" \/>\n<link rel=\"canonical\" href=\"https:\/\/www.nove.ee\/en\/public-procurement\/\" \/>\n<meta property=\"og:locale\" content=\"en_US\" \/>\n<meta property=\"og:type\" content=\"article\" \/>\n<meta property=\"og:title\" content=\"Public Procurement - Nove Advokaadib\u00fcroo\" \/>\n<meta property=\"og:description\" content=\"For many, public procurement associates with complex and seemingly impractical rules which often hinder rather than favour the conclusion of an economically advantageous contract. To not get lost in this maze and instead, make the...\" \/>\n<meta property=\"og:url\" content=\"https:\/\/www.nove.ee\/en\/public-procurement\/\" \/>\n<meta property=\"og:site_name\" content=\"Nove Advokaadib\u00fcroo\" \/>\n<meta property=\"article:modified_time\" content=\"2025-06-02T10:39:24+00:00\" \/>\n<meta property=\"og:image\" content=\"https:\/\/www.nove.ee\/wp-content\/uploads\/2024\/04\/emea_leading_firm_2024.jpg\" \/>\n<meta name=\"twitter:card\" content=\"summary_large_image\" \/>\n<meta name=\"twitter:label1\" content=\"Est. reading time\" \/>\n\t<meta name=\"twitter:data1\" content=\"8 minutes\" \/>\n<script type=\"application\/ld+json\" class=\"yoast-schema-graph\">{\"@context\":\"https:\/\/schema.org\",\"@graph\":[{\"@type\":\"WebPage\",\"@id\":\"https:\/\/www.nove.ee\/en\/public-procurement\/\",\"url\":\"https:\/\/www.nove.ee\/en\/public-procurement\/\",\"name\":\"Public Procurement - Nove Advokaadib\u00fcroo\",\"isPartOf\":{\"@id\":\"https:\/\/www.nove.ee\/#website\"},\"primaryImageOfPage\":{\"@id\":\"https:\/\/www.nove.ee\/en\/public-procurement\/#primaryimage\"},\"image\":{\"@id\":\"https:\/\/www.nove.ee\/en\/public-procurement\/#primaryimage\"},\"thumbnailUrl\":\"https:\/\/www.nove.ee\/wp-content\/uploads\/2024\/04\/emea_leading_firm_2024.jpg\",\"datePublished\":\"2019-02-20T08:49:57+00:00\",\"dateModified\":\"2025-06-02T10:39:24+00:00\",\"breadcrumb\":{\"@id\":\"https:\/\/www.nove.ee\/en\/public-procurement\/#breadcrumb\"},\"inLanguage\":\"en-US\",\"potentialAction\":[{\"@type\":\"ReadAction\",\"target\":[\"https:\/\/www.nove.ee\/en\/public-procurement\/\"]}]},{\"@type\":\"ImageObject\",\"inLanguage\":\"en-US\",\"@id\":\"https:\/\/www.nove.ee\/en\/public-procurement\/#primaryimage\",\"url\":\"https:\/\/www.nove.ee\/wp-content\/uploads\/2024\/04\/emea_leading_firm_2024.jpg\",\"contentUrl\":\"https:\/\/www.nove.ee\/wp-content\/uploads\/2024\/04\/emea_leading_firm_2024.jpg\"},{\"@type\":\"BreadcrumbList\",\"@id\":\"https:\/\/www.nove.ee\/en\/public-procurement\/#breadcrumb\",\"itemListElement\":[{\"@type\":\"ListItem\",\"position\":1,\"name\":\"Home\",\"item\":\"https:\/\/www.nove.ee\/en\/\"},{\"@type\":\"ListItem\",\"position\":2,\"name\":\"Public Procurement\"}]},{\"@type\":\"WebSite\",\"@id\":\"https:\/\/www.nove.ee\/#website\",\"url\":\"https:\/\/www.nove.ee\/\",\"name\":\"Nove Advokaadib\u00fcroo\",\"description\":\"\",\"publisher\":{\"@id\":\"https:\/\/www.nove.ee\/#organization\"},\"potentialAction\":[{\"@type\":\"SearchAction\",\"target\":{\"@type\":\"EntryPoint\",\"urlTemplate\":\"https:\/\/www.nove.ee\/?s={search_term_string}\"},\"query-input\":{\"@type\":\"PropertyValueSpecification\",\"valueRequired\":true,\"valueName\":\"search_term_string\"}}],\"inLanguage\":\"en-US\"},{\"@type\":\"Organization\",\"@id\":\"https:\/\/www.nove.ee\/#organization\",\"name\":\"Nove Advokaadib\u00fcroo\",\"url\":\"https:\/\/www.nove.ee\/\",\"logo\":{\"@type\":\"ImageObject\",\"inLanguage\":\"en-US\",\"@id\":\"https:\/\/www.nove.ee\/#\/schema\/logo\/image\/\",\"url\":\"https:\/\/www.nove.ee\/wp-content\/uploads\/2025\/10\/nove-eng.svg\",\"contentUrl\":\"https:\/\/www.nove.ee\/wp-content\/uploads\/2025\/10\/nove-eng.svg\",\"width\":374,\"height\":154,\"caption\":\"Nove Advokaadib\u00fcroo\"},\"image\":{\"@id\":\"https:\/\/www.nove.ee\/#\/schema\/logo\/image\/\"}}]}<\/script>\n<!-- \/ Yoast SEO plugin. -->","yoast_head_json":{"title":"Public Procurement - Nove Advokaadib\u00fcroo","robots":{"index":"index","follow":"follow","max-snippet":"max-snippet:-1","max-image-preview":"max-image-preview:large","max-video-preview":"max-video-preview:-1"},"canonical":"https:\/\/www.nove.ee\/en\/public-procurement\/","og_locale":"en_US","og_type":"article","og_title":"Public Procurement - Nove Advokaadib\u00fcroo","og_description":"For many, public procurement associates with complex and seemingly impractical rules which often hinder rather than favour the conclusion of an economically advantageous contract. To not get lost in this maze and instead, make the...","og_url":"https:\/\/www.nove.ee\/en\/public-procurement\/","og_site_name":"Nove Advokaadib\u00fcroo","article_modified_time":"2025-06-02T10:39:24+00:00","og_image":[{"url":"https:\/\/www.nove.ee\/wp-content\/uploads\/2024\/04\/emea_leading_firm_2024.jpg","type":"","width":"","height":""}],"twitter_card":"summary_large_image","twitter_misc":{"Est. reading time":"8 minutes"},"schema":{"@context":"https:\/\/schema.org","@graph":[{"@type":"WebPage","@id":"https:\/\/www.nove.ee\/en\/public-procurement\/","url":"https:\/\/www.nove.ee\/en\/public-procurement\/","name":"Public Procurement - Nove Advokaadib\u00fcroo","isPartOf":{"@id":"https:\/\/www.nove.ee\/#website"},"primaryImageOfPage":{"@id":"https:\/\/www.nove.ee\/en\/public-procurement\/#primaryimage"},"image":{"@id":"https:\/\/www.nove.ee\/en\/public-procurement\/#primaryimage"},"thumbnailUrl":"https:\/\/www.nove.ee\/wp-content\/uploads\/2024\/04\/emea_leading_firm_2024.jpg","datePublished":"2019-02-20T08:49:57+00:00","dateModified":"2025-06-02T10:39:24+00:00","breadcrumb":{"@id":"https:\/\/www.nove.ee\/en\/public-procurement\/#breadcrumb"},"inLanguage":"en-US","potentialAction":[{"@type":"ReadAction","target":["https:\/\/www.nove.ee\/en\/public-procurement\/"]}]},{"@type":"ImageObject","inLanguage":"en-US","@id":"https:\/\/www.nove.ee\/en\/public-procurement\/#primaryimage","url":"https:\/\/www.nove.ee\/wp-content\/uploads\/2024\/04\/emea_leading_firm_2024.jpg","contentUrl":"https:\/\/www.nove.ee\/wp-content\/uploads\/2024\/04\/emea_leading_firm_2024.jpg"},{"@type":"BreadcrumbList","@id":"https:\/\/www.nove.ee\/en\/public-procurement\/#breadcrumb","itemListElement":[{"@type":"ListItem","position":1,"name":"Home","item":"https:\/\/www.nove.ee\/en\/"},{"@type":"ListItem","position":2,"name":"Public Procurement"}]},{"@type":"WebSite","@id":"https:\/\/www.nove.ee\/#website","url":"https:\/\/www.nove.ee\/","name":"Nove Advokaadib\u00fcroo","description":"","publisher":{"@id":"https:\/\/www.nove.ee\/#organization"},"potentialAction":[{"@type":"SearchAction","target":{"@type":"EntryPoint","urlTemplate":"https:\/\/www.nove.ee\/?s={search_term_string}"},"query-input":{"@type":"PropertyValueSpecification","valueRequired":true,"valueName":"search_term_string"}}],"inLanguage":"en-US"},{"@type":"Organization","@id":"https:\/\/www.nove.ee\/#organization","name":"Nove Advokaadib\u00fcroo","url":"https:\/\/www.nove.ee\/","logo":{"@type":"ImageObject","inLanguage":"en-US","@id":"https:\/\/www.nove.ee\/#\/schema\/logo\/image\/","url":"https:\/\/www.nove.ee\/wp-content\/uploads\/2025\/10\/nove-eng.svg","contentUrl":"https:\/\/www.nove.ee\/wp-content\/uploads\/2025\/10\/nove-eng.svg","width":374,"height":154,"caption":"Nove Advokaadib\u00fcroo"},"image":{"@id":"https:\/\/www.nove.ee\/#\/schema\/logo\/image\/"}}]}},"_links":{"self":[{"href":"https:\/\/www.nove.ee\/en\/wp-json\/wp\/v2\/pages\/7421","targetHints":{"allow":["GET"]}}],"collection":[{"href":"https:\/\/www.nove.ee\/en\/wp-json\/wp\/v2\/pages"}],"about":[{"href":"https:\/\/www.nove.ee\/en\/wp-json\/wp\/v2\/types\/page"}],"author":[{"embeddable":true,"href":"https:\/\/www.nove.ee\/en\/wp-json\/wp\/v2\/users\/1"}],"replies":[{"embeddable":true,"href":"https:\/\/www.nove.ee\/en\/wp-json\/wp\/v2\/comments?post=7421"}],"version-history":[{"count":27,"href":"https:\/\/www.nove.ee\/en\/wp-json\/wp\/v2\/pages\/7421\/revisions"}],"predecessor-version":[{"id":12124,"href":"https:\/\/www.nove.ee\/en\/wp-json\/wp\/v2\/pages\/7421\/revisions\/12124"}],"wp:attachment":[{"href":"https:\/\/www.nove.ee\/en\/wp-json\/wp\/v2\/media?parent=7421"}],"curies":[{"name":"wp","href":"https:\/\/api.w.org\/{rel}","templated":true}]}}